{"id":306,"date":"2023-03-28T07:37:01","date_gmt":"2023-03-28T06:37:01","guid":{"rendered":"https:\/\/circodeloshorrores.com\/lanovela\/?page_id=306"},"modified":"2023-03-28T08:16:05","modified_gmt":"2023-03-28T07:16:05","slug":"politica-de-cookies","status":"publish","type":"page","link":"https:\/\/circodeloshorrores.com\/lanovela\/politica-de-cookies\/","title":{"rendered":"Pol\u00edtica de cookies"},"content":{"rendered":"\t\t<div data-elementor-type=\"wp-page\" data-elementor-id=\"306\" class=\"elementor elementor-306\">\n\t\t\t\t\t\t\t\t\t<section class=\"elementor-section elementor-top-section elementor-element elementor-element-6eb92b6 elementor-section-boxed elementor-section-height-default elementor-section-height-default\" data-id=\"6eb92b6\" data-element_type=\"section\">\n\t\t\t\t\t\t<div class=\"elementor-container elementor-column-gap-default\">\n\t\t\t\t\t<div class=\"elementor-column elementor-col-100 elementor-top-column elementor-element elementor-element-cb6c4c4\" data-id=\"cb6c4c4\" data-element_type=\"column\">\n\t\t\t<div class=\"elementor-widget-wrap elementor-element-populated\">\n\t\t\t\t\t\t\t\t<div class=\"elementor-element elementor-element-a321cde elementor-widget elementor-widget-heading\" data-id=\"a321cde\" data-element_type=\"widget\" data-widget_type=\"heading.default\">\n\t\t\t\t<div class=\"elementor-widget-container\">\n\t\t\t<style>\/*! elementor - v3.11.5 - 14-03-2023 *\/\n.elementor-heading-title{padding:0;margin:0;line-height:1}.elementor-widget-heading .elementor-heading-title[class*=elementor-size-]>a{color:inherit;font-size:inherit;line-height:inherit}.elementor-widget-heading .elementor-heading-title.elementor-size-small{font-size:15px}.elementor-widget-heading .elementor-heading-title.elementor-size-medium{font-size:19px}.elementor-widget-heading .elementor-heading-title.elementor-size-large{font-size:29px}.elementor-widget-heading .elementor-heading-title.elementor-size-xl{font-size:39px}.elementor-widget-heading .elementor-heading-title.elementor-size-xxl{font-size:59px}<\/style><h1 class=\"elementor-heading-title elementor-size-default\">Pol\u00edtica de cookies<\/h1>\t\t<\/div>\n\t\t\t\t<\/div>\n\t\t\t\t<div class=\"elementor-element elementor-element-bfbdc08 custom-text elementor-widget elementor-widget-text-editor\" data-id=\"bfbdc08\" data-element_type=\"widget\" data-widget_type=\"text-editor.default\">\n\t\t\t\t<div class=\"elementor-widget-container\">\n\t\t\t<style>\/*! elementor - v3.11.5 - 14-03-2023 *\/\n.elementor-widget-text-editor.elementor-drop-cap-view-stacked .elementor-drop-cap{background-color:#818a91;color:#fff}.elementor-widget-text-editor.elementor-drop-cap-view-framed .elementor-drop-cap{color:#818a91;border:3px solid;background-color:transparent}.elementor-widget-text-editor:not(.elementor-drop-cap-view-default) .elementor-drop-cap{margin-top:8px}.elementor-widget-text-editor:not(.elementor-drop-cap-view-default) .elementor-drop-cap-letter{width:1em;height:1em}.elementor-widget-text-editor .elementor-drop-cap{float:left;text-align:center;line-height:1;font-size:50px}.elementor-widget-text-editor .elementor-drop-cap-letter{display:inline-block}<\/style>\t\t\t\t<p><strong>\u00a0<\/strong><\/p><h2><strong>\u00bfQu\u00e9 son las cookies?<\/strong><\/h2><p>Una cookie es un fichero que se descarga en su ordenador al acceder a determinadas p\u00e1ginas web. Las cookies permiten a una p\u00e1gina web, entre otras cosas, almacenar y recuperar informaci\u00f3n sobre h\u00e1bitos de navegaci\u00f3n de un usuario o de su equipo y, dependiendo de la informaci\u00f3n que contengan y de la forma que utilice su equipo, pueden utilizarse para reconocer al usuario.<\/p><h2><strong>\u00bfQu\u00e9 son las etiquetas pixel o p\u00edxeles?<\/strong><\/h2><p>Se trata de peque\u00f1as porciones de c\u00f3digo incrustadas en los sitios web utilizadas con el fin de conocer cuando un visitante carga una p\u00e1gina con estos elementos. Se les conoce tambi\u00e9n como web beacon o tracking bug y en el caso espec\u00edfico de las etiquetas pixel se les dice as\u00ed porque son im\u00e1genes mayormente de 1_1 p\u00edxeles invisibles para el usuario.<\/p><h2><strong>\u00bfPara qu\u00e9 utiliza las cookies y las etiquetas pixel esta p\u00e1gina web y cu\u00e1les son?<\/strong><\/h2><p>Esta p\u00e1gina web utiliza las cookies para una serie de finalidades, incluidas:<\/p><ul><li>An\u00e1lisis: son aquellas cookies que bien, tratadas por nosotros o por terceros, nos permiten cuantificar el n\u00famero de usuarios y as\u00ed realizar la medici\u00f3n y an\u00e1lisis estad\u00edstico de la utilizaci\u00f3n que hacen los usuarios del servicio. Para ello se analiza su navegaci\u00f3n en nuestra p\u00e1gina web con el fin de mejorar la experiencia del usuario.<\/li><\/ul><p>El detalle de las cookies utilizadas en esta p\u00e1gina web es el informado en el banner.<\/p><p><strong>\u00a0<\/strong><\/p><p><strong><em>Nota:<\/em><\/strong> Las cookies de tipo <strong>\u00abPropias\u00bb<\/strong> son utilizadas s\u00f3lo por el propietario de esta web y las cookies <strong>\u00abDe terceros\u00bb<\/strong> son utilizadas, por el prestador del servicio que est\u00e1 detallado en el cuadro anterior.<\/p><h2><strong>\u00bfC\u00f3mo puedo desactivar o eliminar estas cookies?<\/strong><\/h2><p>Puede usted permitir, bloquear o eliminar las cookies instaladas en su equipo mediante<\/p><p>la configuraci\u00f3n de las opciones del navegador instalado en su ordenador:<\/p><p><strong>Firefox<\/strong><\/p><p><a href=\"http:\/\/support.mozilla.org\/es\/kb\/habilitar-y-deshabilitar-cookies-que-los-sitios-we\">http:\/\/support.mozilla.org\/es\/kb\/habilitar-y-deshabilitar-cookies-que-los-sitios-we<\/a><\/p><p><strong>Chrome<\/strong><\/p><p><a href=\"http:\/\/support.google.com\/chrome\/bin\/answer.py?hl=es&amp;answer=95647\">http:\/\/support.google.com\/chrome\/bin\/answer.py?hl=es&amp;answer=95647<\/a><\/p><p><strong>Explorer:<\/strong><\/p><p><a href=\"https:\/\/support.microsoft.com\/es-es\/help\/17442\/windows-internet-explorer-delete-manage-cookies\">https:\/\/support.microsoft.com\/es-es\/help\/17442\/windows-internet-explorer-delete-manage-cookies<\/a><\/p><p><strong>Safari<\/strong><\/p><p><a href=\"http:\/\/support.apple.com\/kb\/ph5042\">http:\/\/support.apple.com\/kb\/ph5042<\/a><\/p><p><strong>Opera<\/strong><\/p><p><a href=\"http:\/\/help.opera.com\/Windows\/11.50\/es-ES\/cookies.html\">http:\/\/help.opera.com\/Windows\/11.50\/es-ES\/cookies.html<\/a><\/p><p><strong>Otros navegadores<\/strong><\/p><p>Consulte la documentaci\u00f3n del navegador que tenga instalado.<\/p><p><strong>\u00a0<\/strong><\/p><p><strong>Complemento de inhabilitaci\u00f3n para navegadores de Google Analytics<\/strong><\/p><p>Si desea rechazar las cookies anal\u00edticas de Google Analytics en todos los navegadores,<\/p><p>de forma que no se env\u00ede informaci\u00f3n suya a Google Analitys, puede descargar un<\/p><p>complemento que realiza esta funci\u00f3n desde este enlace:<\/p><p><a href=\"https:\/\/tools.google.com\/dlpage\/gaoptout\">https:\/\/tools.google.com\/dlpage\/gaoptout<\/a><\/p>\t\t\t\t\t\t<\/div>\n\t\t\t\t<\/div>\n\t\t\t\t\t<\/div>\n\t\t<\/div>\n\t\t\t\t\t\t\t<\/div>\n\t\t<\/section>\n\t\t\t\t\t\t\t<\/div>\n\t\t","protected":false},"excerpt":{"rendered":"<p>\u00a0 \u00bfQu\u00e9 son las cookies? Una cookie es un fichero que se descarga en su ordenador al acceder a determinadas p\u00e1ginas web. Las cookies permiten a una p\u00e1gina web, entre otras cosas, almacenar y recuperar informaci\u00f3n sobre h\u00e1bitos de navegaci\u00f3n de un usuario o de su equipo y, dependiendo de la informaci\u00f3n que contengan y [&hellip;]<\/p>\n","protected":false},"author":295786,"featured_media":0,"parent":0,"menu_order":0,"comment_status":"closed","ping_status":"closed","template":"","meta":[],"yoast_head":"<!-- This site is optimized with the Yoast SEO plugin v20.5 - https:\/\/yoast.com\/wordpress\/plugins\/seo\/ -->\n<title>Pol\u00edtica de cookies - La Novela del Circo de los Horrores<\/title>\n<meta name=\"robots\" content=\"index, follow, max-snippet:-1, max-image-preview:large, max-video-preview:-1\" \/>\n<link rel=\"canonical\" href=\"https:\/\/circodeloshorrores.com\/lanovela\/politica-de-cookies\/\" \/>\n<meta property=\"og:locale\" content=\"es_ES\" \/>\n<meta property=\"og:type\" content=\"article\" \/>\n<meta property=\"og:title\" content=\"Pol\u00edtica de cookies - La Novela del Circo de los Horrores\" \/>\n<meta property=\"og:description\" content=\"\u00a0 \u00bfQu\u00e9 son las cookies? Una cookie es un fichero que se descarga en su ordenador al acceder a determinadas p\u00e1ginas web. Las cookies permiten a una p\u00e1gina web, entre otras cosas, almacenar y recuperar informaci\u00f3n sobre h\u00e1bitos de navegaci\u00f3n de un usuario o de su equipo y, dependiendo de la informaci\u00f3n que contengan y [&hellip;]\" \/>\n<meta property=\"og:url\" content=\"https:\/\/circodeloshorrores.com\/lanovela\/politica-de-cookies\/\" \/>\n<meta property=\"og:site_name\" content=\"La Novela del Circo de los Horrores\" \/>\n<meta property=\"article:modified_time\" content=\"2023-03-28T07:16:05+00:00\" \/>\n<meta name=\"twitter:card\" content=\"summary_large_image\" \/>\n<meta name=\"twitter:label1\" content=\"Tiempo de lectura\" \/>\n\t<meta name=\"twitter:data1\" content=\"2 minutos\" \/>\n<script type=\"application\/ld+json\" class=\"yoast-schema-graph\">{\"@context\":\"https:\/\/schema.org\",\"@graph\":[{\"@type\":\"WebPage\",\"@id\":\"https:\/\/circodeloshorrores.com\/lanovela\/politica-de-cookies\/\",\"url\":\"https:\/\/circodeloshorrores.com\/lanovela\/politica-de-cookies\/\",\"name\":\"Pol\u00edtica de cookies - La Novela del Circo de los Horrores\",\"isPartOf\":{\"@id\":\"https:\/\/circodeloshorrores.com\/lanovela\/#website\"},\"datePublished\":\"2023-03-28T06:37:01+00:00\",\"dateModified\":\"2023-03-28T07:16:05+00:00\",\"breadcrumb\":{\"@id\":\"https:\/\/circodeloshorrores.com\/lanovela\/politica-de-cookies\/#breadcrumb\"},\"inLanguage\":\"es\",\"potentialAction\":[{\"@type\":\"ReadAction\",\"target\":[\"https:\/\/circodeloshorrores.com\/lanovela\/politica-de-cookies\/\"]}]},{\"@type\":\"BreadcrumbList\",\"@id\":\"https:\/\/circodeloshorrores.com\/lanovela\/politica-de-cookies\/#breadcrumb\",\"itemListElement\":[{\"@type\":\"ListItem\",\"position\":1,\"name\":\"Portada\",\"item\":\"https:\/\/circodeloshorrores.com\/lanovela\/\"},{\"@type\":\"ListItem\",\"position\":2,\"name\":\"Pol\u00edtica de cookies\"}]},{\"@type\":\"WebSite\",\"@id\":\"https:\/\/circodeloshorrores.com\/lanovela\/#website\",\"url\":\"https:\/\/circodeloshorrores.com\/lanovela\/\",\"name\":\"La Novela del Circo de los Horrores\",\"description\":\"\",\"potentialAction\":[{\"@type\":\"SearchAction\",\"target\":{\"@type\":\"EntryPoint\",\"urlTemplate\":\"https:\/\/circodeloshorrores.com\/lanovela\/?s={search_term_string}\"},\"query-input\":\"required name=search_term_string\"}],\"inLanguage\":\"es\"}]}<\/script>\n<!-- \/ Yoast SEO plugin. -->","yoast_head_json":{"title":"Pol\u00edtica de cookies - La Novela del Circo de los Horrores","robots":{"index":"index","follow":"follow","max-snippet":"max-snippet:-1","max-image-preview":"max-image-preview:large","max-video-preview":"max-video-preview:-1"},"canonical":"https:\/\/circodeloshorrores.com\/lanovela\/politica-de-cookies\/","og_locale":"es_ES","og_type":"article","og_title":"Pol\u00edtica de cookies - La Novela del Circo de los Horrores","og_description":"\u00a0 \u00bfQu\u00e9 son las cookies? Una cookie es un fichero que se descarga en su ordenador al acceder a determinadas p\u00e1ginas web. Las cookies permiten a una p\u00e1gina web, entre otras cosas, almacenar y recuperar informaci\u00f3n sobre h\u00e1bitos de navegaci\u00f3n de un usuario o de su equipo y, dependiendo de la informaci\u00f3n que contengan y [&hellip;]","og_url":"https:\/\/circodeloshorrores.com\/lanovela\/politica-de-cookies\/","og_site_name":"La Novela del Circo de los Horrores","article_modified_time":"2023-03-28T07:16:05+00:00","twitter_card":"summary_large_image","twitter_misc":{"Tiempo de lectura":"2 minutos"},"schema":{"@context":"https:\/\/schema.org","@graph":[{"@type":"WebPage","@id":"https:\/\/circodeloshorrores.com\/lanovela\/politica-de-cookies\/","url":"https:\/\/circodeloshorrores.com\/lanovela\/politica-de-cookies\/","name":"Pol\u00edtica de cookies - La Novela del Circo de los Horrores","isPartOf":{"@id":"https:\/\/circodeloshorrores.com\/lanovela\/#website"},"datePublished":"2023-03-28T06:37:01+00:00","dateModified":"2023-03-28T07:16:05+00:00","breadcrumb":{"@id":"https:\/\/circodeloshorrores.com\/lanovela\/politica-de-cookies\/#breadcrumb"},"inLanguage":"es","potentialAction":[{"@type":"ReadAction","target":["https:\/\/circodeloshorrores.com\/lanovela\/politica-de-cookies\/"]}]},{"@type":"BreadcrumbList","@id":"https:\/\/circodeloshorrores.com\/lanovela\/politica-de-cookies\/#breadcrumb","itemListElement":[{"@type":"ListItem","position":1,"name":"Portada","item":"https:\/\/circodeloshorrores.com\/lanovela\/"},{"@type":"ListItem","position":2,"name":"Pol\u00edtica de cookies"}]},{"@type":"WebSite","@id":"https:\/\/circodeloshorrores.com\/lanovela\/#website","url":"https:\/\/circodeloshorrores.com\/lanovela\/","name":"La Novela del Circo de los Horrores","description":"","potentialAction":[{"@type":"SearchAction","target":{"@type":"EntryPoint","urlTemplate":"https:\/\/circodeloshorrores.com\/lanovela\/?s={search_term_string}"},"query-input":"required name=search_term_string"}],"inLanguage":"es"}]}},"_links":{"self":[{"href":"https:\/\/circodeloshorrores.com\/lanovela\/wp-json\/wp\/v2\/pages\/306"}],"collection":[{"href":"https:\/\/circodeloshorrores.com\/lanovela\/wp-json\/wp\/v2\/pages"}],"about":[{"href":"https:\/\/circodeloshorrores.com\/lanovela\/wp-json\/wp\/v2\/types\/page"}],"author":[{"embeddable":true,"href":"https:\/\/circodeloshorrores.com\/lanovela\/wp-json\/wp\/v2\/users\/295786"}],"replies":[{"embeddable":true,"href":"https:\/\/circodeloshorrores.com\/lanovela\/wp-json\/wp\/v2\/comments?post=306"}],"version-history":[{"count":11,"href":"https:\/\/circodeloshorrores.com\/lanovela\/wp-json\/wp\/v2\/pages\/306\/revisions"}],"predecessor-version":[{"id":375,"href":"https:\/\/circodeloshorrores.com\/lanovela\/wp-json\/wp\/v2\/pages\/306\/revisions\/375"}],"wp:attachment":[{"href":"https:\/\/circodeloshorrores.com\/lanovela\/wp-json\/wp\/v2\/media?parent=306"}],"curies":[{"name":"wp","href":"https:\/\/api.w.org\/{rel}","templated":true}]}}